{"id":6609,"date":"2020-09-30T13:43:42","date_gmt":"2020-09-30T11:43:42","guid":{"rendered":"http:\/\/test.frontpage.dk\/?page_id=6609"},"modified":"2021-10-25T11:34:37","modified_gmt":"2021-10-25T09:34:37","slug":"vm-i-ishockey-2018","status":"publish","type":"page","link":"https:\/\/frontpage.dk\/en\/cases\/vm-i-ishockey-2018\/","title":{"rendered":"Ice Hockey World Championship 2018"},"content":{"rendered":"<p>[et_pb_section fb_built=&#8221;1&#8243; admin_label=&#8221;Forbundet Kultur og Information&#8221; _builder_version=&#8221;4.5.3&#8243; background_color=&#8221;#ffffff&#8221; custom_margin=&#8221;-64px||||false|false&#8221; custom_margin_tablet=&#8221;&#8221; custom_margin_phone=&#8221;&#8221; custom_margin_last_edited=&#8221;on|desktop&#8221; custom_padding=&#8221;0px|0px|107px|0px|false|false&#8221; collapsed=&#8221;on&#8221; global_colors_info=&#8221;{}&#8221;][et_pb_row custom_padding_last_edited=&#8221;on|tablet&#8221; _builder_version=&#8221;4.6.1&#8243; background_color=&#8221;#e6463b&#8221; background_image=&#8221;http:\/\/frontpage.dk\/wp-content\/uploads\/2020\/12\/markus-spiske-XHTBZpRBoi0-unsplash.jpg&#8221; background_blend=&#8221;multiply&#8221; width=&#8221;100%&#8221; max_width=&#8221;100%&#8221; max_height=&#8221;560px&#8221; custom_margin=&#8221;49px||0px||false|false&#8221; custom_padding=&#8221;0|0px|0|0px|false|false&#8221; custom_padding_tablet=&#8221;150px||150px||true|false&#8221; custom_padding_phone=&#8221;&#8221; use_custom_width=&#8221;on&#8221; width_unit=&#8221;off&#8221; custom_width_percent=&#8221;100%&#8221; global_colors_info=&#8221;{}&#8221;][et_pb_column type=&#8221;4_4&#8243; _builder_version=&#8221;3.25&#8243; custom_padding=&#8221;300px||200px|&#8221; global_colors_info=&#8221;{}&#8221; custom_padding__hover=&#8221;|||&#8221;][et_pb_text _builder_version=&#8221;4.6.1&#8243; _module_preset=&#8221;default&#8221; text_font=&#8221;Montserrat||||||||&#8221; text_text_color=&#8221;#ffffff&#8221; header_font=&#8221;Montserrat||||||||&#8221; header_text_color=&#8221;#ffffff&#8221; header_font_size=&#8221;50px&#8221; custom_margin_tablet=&#8221;-150px||||false|false&#8221; custom_margin_phone=&#8221;-172px||||false|false&#8221; custom_margin_last_edited=&#8221;on|phone&#8221; header_font_size_tablet=&#8221;&#8221; header_font_size_phone=&#8221;40px&#8221; header_font_size_last_edited=&#8221;on|phone&#8221; global_colors_info=&#8221;{}&#8221;]<\/p>\n<h1 style=\"text-align: center;\">Ice Hockey World Championship 2018 <\/h1>\n<p>[\/et_pb_text][\/et_pb_column][\/et_pb_row][et_pb_row column_structure=&#8221;3_4,1_4&#8243; custom_padding_last_edited=&#8221;on|tablet&#8221; _builder_version=&#8221;4.5.3&#8243; custom_margin=&#8221;60px||||false|false&#8221; custom_padding_tablet=&#8221;||0px||false|false&#8221; custom_padding_phone=&#8221;&#8221; global_colors_info=&#8221;{}&#8221;][et_pb_column type=&#8221;3_4&#8243; _builder_version=&#8221;3.25&#8243; custom_padding=&#8221;|||&#8221; global_colors_info=&#8221;{}&#8221; custom_padding__hover=&#8221;|||&#8221;][et_pb_text _builder_version=&#8221;4.6.1&#8243; text_font=&#8221;Montserrat||||||||&#8221; text_font_size=&#8221;18px&#8221; text_line_height=&#8221;1.8em&#8221; link_font=&#8221;||||on||||&#8221; link_text_color=&#8221;#595959&#8243; header_font=&#8221;Montserrat|||on|||||&#8221; header_text_color=&#8221;#ff3333&#8243; header_3_text_color=&#8221;#595959&#8243; custom_margin_tablet=&#8221;-30px||30px||false|false&#8221; custom_margin_phone=&#8221;&#8221; custom_margin_last_edited=&#8221;on|tablet&#8221; custom_padding_last_edited=&#8221;off|tablet&#8221; global_colors_info=&#8221;{}&#8221;]<\/p>\n<p><strong>Denmark hosted the Ice Hockey World Championship in 2018 where matches were played in Royal Arena, Copenhagen and in Jyske Bank Boxen, Herning.<\/strong><\/p>\n<p>After being invited to a competition between pr-agencies under the theme \u201cSuperheroes\u201d, Frontpage succeeded and was given the task of designing and implementing a PR-strategy. Frontpage had a clear idea of the task; to increase the Danish public\u2019s knowledge of, and excitement about ice hockey. It all happened under the slogan \u201cExperience Ice Hockey IRL\u201d.<\/p>\n<p>The strategy was to move ice hockey from the sports-sections and into other media. That happened, for instance, by focusing on the stories about how the Danish hockey heroes train, how  successful Danish ice hockey players are in the European and North-american leagues, and how the Danish Ice Hockey Union fought to get IIHF World Championships 2018 to Denmark through an amazing programme for up-coming ice hockey talents.<\/p>\n<p>We arranged press briefings where we told the story of how Danish ice hockey developed from a niche to one of the bigger teams internationally. All together, we created an understanding of how big an international event IIHF World Championships 2018 was \u2013 and how thrilled we should be for the Danish superheroes on the ice.<\/p>\n<p>See an example <a href=\"http:\/\/jyllands-posten.dk\/sport\/andensport\/ishockey\/ECE9267911\/istalenters-succes-har-givet-haab-om-stort-hjemmebanevm\/\" target=\"_blank\" rel=\"noopener noreferrer\">here<\/a>.<\/p>\n<p>[\/et_pb_text][\/et_pb_column][et_pb_column type=&#8221;1_4&#8243; _builder_version=&#8221;3.25&#8243; custom_padding=&#8221;|||&#8221; global_colors_info=&#8221;{}&#8221; custom_padding__hover=&#8221;|||&#8221;][et_pb_image src=&#8221;http:\/\/frontpage.dk\/wp-content\/uploads\/2020\/09\/Ice-Hockey-World-Championship-2018-150.png&#8221; title_text=&#8221;Ice Hockey World Championship 2018 logo 150&#8243; _builder_version=&#8221;4.6.1&#8243; _module_preset=&#8221;default&#8221; global_colors_info=&#8221;{}&#8221;][\/et_pb_image][et_pb_text _builder_version=&#8221;4.6.1&#8243; text_font=&#8221;Montserrat||||||||&#8221; text_line_height=&#8221;1.8em&#8221; link_font=&#8221;||||on||||&#8221; link_text_color=&#8221;#595959&#8243; header_font=&#8221;Montserrat|||on|||||&#8221; header_text_color=&#8221;#ff3333&#8243; header_3_text_color=&#8221;#595959&#8243; custom_margin_tablet=&#8221;||50px||false|false&#8221; custom_margin_phone=&#8221;&#8221; custom_margin_last_edited=&#8221;on|tablet&#8221; custom_padding_last_edited=&#8221;off|tablet&#8221; global_colors_info=&#8221;{}&#8221;]<\/p>\n<h4 style=\"text-align: left;\"><span style=\"color: #e02b20;\"><b>Competencies<\/b><\/span><\/h4>\n<ul>\n<li><a href=\"https:\/\/frontpage.dk\/en\/kompetencer\/kommunikationsstrategi\/\">Communications Strategy<\/a><\/li>\n<li><a href=\"https:\/\/frontpage.dk\/en\/kompetencer\/pr-og-presse\/\">PR &amp; Press<\/a><\/li>\n<\/ul>\n<p>[\/et_pb_text][et_pb_text _builder_version=&#8221;4.5.3&#8243; _module_preset=&#8221;default&#8221; text_font=&#8221;Montserrat||||||||&#8221; header_3_font=&#8221;Montserrat||||||||&#8221; locked=&#8221;off&#8221; global_colors_info=&#8221;{}&#8221;]<\/p>\n<h3>More information<\/h3>\n<p>If you wish to know more, please contact:<\/p>\n<p>[\/et_pb_text][et_pb_image src=&#8221;http:\/\/frontpage.dk\/wp-content\/uploads\/2020\/11\/Kirsten.png&#8221; title_text=&#8221;Kirsten Dinesen&#8221; _builder_version=&#8221;4.6.1&#8243; _module_preset=&#8221;default&#8221; locked=&#8221;off&#8221; global_colors_info=&#8221;{}&#8221;][\/et_pb_image][et_pb_text _builder_version=&#8221;4.6.1&#8243; _module_preset=&#8221;default&#8221; text_font=&#8221;Montserrat||||||||&#8221; link_font=&#8221;Montserrat||||||||&#8221; link_text_color=&#8221;#e6463b&#8221; header_3_font=&#8221;Montserrat||||||||&#8221; locked=&#8221;off&#8221; global_colors_info=&#8221;{}&#8221;]<\/p>\n<h3>Kirsten Dinesen<\/h3>\n<h4><span class=\"staff-positon\">CEO<\/span><\/h4>\n<div class=\"staff-member\">\n<div class=\"row\">\n<div class=\"col-xs-12 col-sm-6\">\n<p><span class=\"staff-mobile\"><\/span><\/p>\n<p><span class=\"staff-mobile\"><a href=\"tel:+45 22 17 03 39\">+45 22 17 03 39<br \/> <\/a><\/span><span class=\"staff-email\"><a href=\"mailto:kirsten.dinesen@frontpage.dk\">kirsten.dinesen@frontpage.dk<\/a><\/span><\/p>\n<\/div>\n<\/div>\n<\/div>\n<p>[\/et_pb_text][\/et_pb_column][\/et_pb_row][et_pb_row column_structure=&#8221;1_2,1_2&#8243; disabled_on=&#8221;off|off|off&#8221; _builder_version=&#8221;4.6.1&#8243; _module_preset=&#8221;default&#8221; global_colors_info=&#8221;{}&#8221;][et_pb_column type=&#8221;1_2&#8243; _builder_version=&#8221;4.6.1&#8243; _module_preset=&#8221;default&#8221; global_colors_info=&#8221;{}&#8221;][et_pb_image src=&#8221;https:\/\/frontpage.dk\/wp-content\/uploads\/2021\/08\/BT-1024&#215;692-1.png&#8221; alt=&#8221;Artikel i BT om VM i Ishockey 2018 og det danske landshold.&#8221; title_text=&#8221;BT-1024&#215;692&#8243; align=&#8221;center&#8221; _builder_version=&#8221;4.9.11&#8243; _module_preset=&#8221;default&#8221; global_colors_info=&#8221;{}&#8221;][\/et_pb_image][\/et_pb_column][et_pb_column type=&#8221;1_2&#8243; _builder_version=&#8221;4.6.1&#8243; _module_preset=&#8221;default&#8221; global_colors_info=&#8221;{}&#8221;][et_pb_image src=&#8221;http:\/\/frontpage.dk\/wp-content\/uploads\/2017\/07\/hkh_omkl\u00e6dning_14052017-1-2-e1500121672449.jpg&#8221; alt=&#8221;Billede af det danske landshold og HKH Kronprins Frederik&#8221; title_text=&#8221;VM i Ishockey 2018 Case&#8221; align=&#8221;center&#8221; _builder_version=&#8221;4.6.1&#8243; _module_preset=&#8221;default&#8221; global_colors_info=&#8221;{}&#8221;][\/et_pb_image][\/et_pb_column][\/et_pb_row][et_pb_row _builder_version=&#8221;4.6.1&#8243; _module_preset=&#8221;default&#8221; custom_margin=&#8221;||-40px||false|false&#8221; custom_margin_tablet=&#8221;&#8221; custom_margin_phone=&#8221;&#8221; custom_margin_last_edited=&#8221;on|desktop&#8221; global_colors_info=&#8221;{}&#8221;][et_pb_column type=&#8221;4_4&#8243; _builder_version=&#8221;4.6.1&#8243; _module_preset=&#8221;default&#8221; global_colors_info=&#8221;{}&#8221;][et_pb_text _builder_version=&#8221;4.6.1&#8243; text_font=&#8221;Montserrat||||||||&#8221; text_font_size=&#8221;18px&#8221; text_line_height=&#8221;1.8em&#8221; link_font=&#8221;||||on||||&#8221; link_text_color=&#8221;#595959&#8243; header_font=&#8221;Montserrat|||on|||||&#8221; header_text_color=&#8221;#ff3333&#8243; header_3_text_color=&#8221;#595959&#8243; custom_margin_tablet=&#8221;||||false|false&#8221; custom_margin_phone=&#8221;&#8221; custom_margin_last_edited=&#8221;on|desktop&#8221; custom_padding_last_edited=&#8221;off|tablet&#8221; global_colors_info=&#8221;{}&#8221;]<\/p>\n<p><span style=\"color: #e02b20;\"><b>Related cases:<\/b><\/span><\/p>\n<p>[\/et_pb_text][\/et_pb_column][\/et_pb_row][et_pb_row column_structure=&#8221;1_2,1_2&#8243; disabled_on=&#8221;off|off|off&#8221; _builder_version=&#8221;4.6.1&#8243; transform_scale_tablet=&#8221;&#8221; transform_scale_phone=&#8221;&#8221; transform_scale_last_edited=&#8221;on|phone&#8221; transform_translate_tablet=&#8221;&#8221; transform_translate_phone=&#8221;&#8221; transform_translate_last_edited=&#8221;on|phone&#8221; transform_rotate_tablet=&#8221;&#8221; transform_rotate_phone=&#8221;&#8221; transform_rotate_last_edited=&#8221;on|phone&#8221; transform_skew_tablet=&#8221;&#8221; transform_skew_phone=&#8221;&#8221; transform_skew_last_edited=&#8221;on|phone&#8221; transform_origin_tablet=&#8221;&#8221; transform_origin_phone=&#8221;&#8221; transform_origin_last_edited=&#8221;on|phone&#8221; transform_styles_last_edited=&#8221;on|phone&#8221; width_tablet=&#8221;&#8221; width_phone=&#8221;&#8221; width_last_edited=&#8221;on|phone&#8221; max_width_phone=&#8221;none&#8221; max_width_last_edited=&#8221;off|desktop&#8221; custom_margin=&#8221;||||false|false&#8221; custom_margin_tablet=&#8221;&#8221; custom_margin_phone=&#8221;&#8221; custom_margin_last_edited=&#8221;on|desktop&#8221; custom_padding=&#8221;||||false|false&#8221; transform_styles_tablet=&#8221;&#8221; transform_styles_phone=&#8221;&#8221; locked=&#8221;off&#8221; global_colors_info=&#8221;{}&#8221; max_width__hover_enabled=&#8221;off|desktop&#8221; width__hover_enabled=&#8221;on|desktop&#8221; width__hover=&#8221;80%&#8221;][et_pb_column type=&#8221;1_2&#8243; _builder_version=&#8221;4.4.7&#8243; global_colors_info=&#8221;{}&#8221;][dizo_image_hover image=&#8221;http:\/\/frontpage.dk\/wp-content\/uploads\/2020\/11\/cloe-fontaine-tdQDij_KDTQ-unsplash.jpg&#8221; image_as_bg=&#8221;on&#8221; effect_style=&#8221;modern&#8221; modern_style=&#8221;mdn-lexi&#8221; t_prefix=&#8221;Agria Dyreforsikring&#8221; content_text=&#8221;<\/p>\n<p>Frontpage har lavet en masse presse for Agria. Fra kampagnen Danmarks Dyrehelte, til artikler i Samvirke.<\/p>\n<p>&#8221; button_text=&#8221;Se casen&#8221; button_url=&#8221;https:\/\/frontpage.dk\/cases\/agria\/&#8221; button_url_new_window=&#8221;1&#8243; modern_overlay_color=&#8221;rgba(3,0,10,0.3)&#8221; title_margin=&#8221;||||false|false&#8221; title_padding=&#8221;||||false|false&#8221; title_padding_tablet=&#8221;||||false|false&#8221; title_padding_phone=&#8221;0px||||false|false&#8221; title_padding_last_edited=&#8221;on|tablet&#8221; module_link_url=&#8221;https:\/\/frontpage.dk\/cases\/agria\/&#8221; module_link_url_new_window=&#8221;1&#8243; _builder_version=&#8221;4.11.4&#8243; title_prefix_font=&#8221;|600|||||||&#8221; title_prefix_text_color=&#8221;#ffffff&#8221; title_prefix_font_size=&#8221;29px&#8221; title_prefix_letter_spacing=&#8221;1px&#8221; title_prefix_line_height=&#8221;1.3em&#8221; width=&#8221;100%&#8221; max_width=&#8221;100%&#8221; min_height=&#8221;400px&#8221; hover_enabled=&#8221;0&#8243; custom_css_main_element=&#8221;height:400px;||&#8221; locked=&#8221;off&#8221; global_colors_info=&#8221;{}&#8221; modern_overlay_color__hover_enabled=&#8221;on|hover&#8221; modern_overlay_color__hover=&#8221;rgba(0,0,0,0.6)&#8221; button_alignment=&#8221;right&#8221; sticky_enabled=&#8221;0&#8243;][\/dizo_image_hover][\/et_pb_column][et_pb_column type=&#8221;1_2&#8243; _builder_version=&#8221;4.4.7&#8243; global_colors_info=&#8221;{}&#8221;][dizo_image_hover image=&#8221;http:\/\/frontpage.dk\/wp-content\/uploads\/2020\/12\/IMG_5255-scaled.jpg&#8221; image_as_bg=&#8221;on&#8221; effect_style=&#8221;modern&#8221; modern_style=&#8221;mdn-lexi&#8221; t_prefix=&#8221;XJump Trampolinpark&#8221; content_text=&#8221;<\/p>\n<p>Vi fik til opgave at \u00f8ge kendskabsgraden i kundens m\u00e5lgruppe gennem bl.a. SoMe og presseh\u00e5ndtering.<\/p>\n<p>&#8221; button_text=&#8221;Se casen&#8221; button_url=&#8221;https:\/\/frontpage.dk\/cases\/xjump-trampolinpark\/&#8221; button_url_new_window=&#8221;1&#8243; modern_overlay_color=&#8221;rgba(3,0,10,0.66)&#8221; title_margin=&#8221;||||false|false&#8221; title_padding=&#8221;||||false|false&#8221; title_padding_tablet=&#8221;||||false|false&#8221; title_padding_phone=&#8221;0px||||false|false&#8221; title_padding_last_edited=&#8221;on|tablet&#8221; module_link_url=&#8221;https:\/\/frontpage.dk\/cases\/xjump-trampolinpark\/&#8221; module_link_url_new_window=&#8221;1&#8243; _builder_version=&#8221;4.11.4&#8243; title_prefix_font=&#8221;|600|||||||&#8221; title_prefix_text_color=&#8221;#ffffff&#8221; title_prefix_font_size=&#8221;29px&#8221; title_prefix_letter_spacing=&#8221;1px&#8221; title_prefix_line_height=&#8221;1.3em&#8221; width=&#8221;100%&#8221; max_width=&#8221;100%&#8221; min_height=&#8221;400px&#8221; hover_enabled=&#8221;0&#8243; custom_css_main_element=&#8221;height:400px;||&#8221; locked=&#8221;off&#8221; global_colors_info=&#8221;{}&#8221; modern_overlay_color__hover_enabled=&#8221;on|hover&#8221; modern_overlay_color__hover=&#8221;rgba(0,0,0,0.8)&#8221; button_alignment=&#8221;right&#8221; sticky_enabled=&#8221;0&#8243;][\/dizo_image_hover][\/et_pb_column][\/et_pb_row][\/et_pb_section]<\/p>","protected":false},"excerpt":{"rendered":"<p>IIHF VM 2018: VM i ishockey Danmark vandt v\u00e6rtskabet for IIHF VM i ishockey, der i 2018 blev afholdt i Royal Arena i K\u00f8benhavn og i Jyske Bank Boxen i Herning. Her vandt Frontpage en bureaukonkurrence med temaet \u201dsuperhelte\u201d, som symboliserer de danske ishockeyspillere. Det gav os mulighed for at udforme en kommunikationsstrategi til VM-v\u00e6rtskabet [&hellip;]<\/p>","protected":false},"author":3,"featured_media":0,"parent":6278,"menu_order":0,"comment_status":"closed","ping_status":"closed","template":"","meta":{"_et_pb_use_builder":"on","_et_pb_old_content":"","_et_gb_content_width":""},"_links":{"self":[{"href":"https:\/\/frontpage.dk\/en\/wp-json\/wp\/v2\/pages\/6609"}],"collection":[{"href":"https:\/\/frontpage.dk\/en\/wp-json\/wp\/v2\/pages"}],"about":[{"href":"https:\/\/frontpage.dk\/en\/wp-json\/wp\/v2\/types\/page"}],"author":[{"embeddable":true,"href":"https:\/\/frontpage.dk\/en\/wp-json\/wp\/v2\/users\/3"}],"replies":[{"embeddable":true,"href":"https:\/\/frontpage.dk\/en\/wp-json\/wp\/v2\/comments?post=6609"}],"version-history":[{"count":30,"href":"https:\/\/frontpage.dk\/en\/wp-json\/wp\/v2\/pages\/6609\/revisions"}],"predecessor-version":[{"id":10416,"href":"https:\/\/frontpage.dk\/en\/wp-json\/wp\/v2\/pages\/6609\/revisions\/10416"}],"up":[{"embeddable":true,"href":"https:\/\/frontpage.dk\/en\/wp-json\/wp\/v2\/pages\/6278"}],"wp:attachment":[{"href":"https:\/\/frontpage.dk\/en\/wp-json\/wp\/v2\/media?parent=6609"}],"curies":[{"name":"wp","href":"https:\/\/api.w.org\/{rel}","templated":true}]}}